{"id":8,"date":"2022-07-15T23:41:30","date_gmt":"2022-07-15T21:41:30","guid":{"rendered":"http:\/\/mma-villierssurmarne.fr\/?page_id=8"},"modified":"2025-09-17T18:47:11","modified_gmt":"2025-09-17T16:47:11","slug":"accueil","status":"publish","type":"page","link":"https:\/\/mma-villierssurmarne.fr\/","title":{"rendered":"Accueil"},"content":{"rendered":"\t\t<div data-elementor-type=\"wp-page\" data-elementor-id=\"8\" class=\"elementor elementor-8\">\n\t\t\t\t\t\t\t\t\t<section class=\"elementor-section elementor-top-section elementor-element elementor-element-8167125 elementor-section-boxed elementor-section-height-default elementor-section-height-default\" data-id=\"8167125\" data-element_type=\"section\">\n\t\t\t\t\t\t<div class=\"elementor-container elementor-column-gap-default\">\n\t\t\t\t\t<div class=\"elementor-column elementor-col-100 elementor-top-column elementor-element elementor-element-30d8520\" data-id=\"30d8520\" data-element_type=\"column\">\n\t\t\t<div class=\"elementor-widget-wrap elementor-element-populated\">\n\t\t\t\t\t\t\t\t<div class=\"elementor-element elementor-element-74e03e4 elementor-widget elementor-widget-heading\" data-id=\"74e03e4\" data-element_type=\"widget\" data-widget_type=\"heading.default\">\n\t\t\t\t<div class=\"elementor-widget-container\">\n\t\t\t<style>\/*! elementor - v3.8.1 - 13-11-2022 *\/\n.elementor-heading-title{padding:0;margin:0;line-height:1}.elementor-widget-heading .elementor-heading-title[class*=elementor-size-]>a{color:inherit;font-size:inherit;line-height:inherit}.elementor-widget-heading .elementor-heading-title.elementor-size-small{font-size:15px}.elementor-widget-heading .elementor-heading-title.elementor-size-medium{font-size:19px}.elementor-widget-heading .elementor-heading-title.elementor-size-large{font-size:29px}.elementor-widget-heading .elementor-heading-title.elementor-size-xl{font-size:39px}.elementor-widget-heading .elementor-heading-title.elementor-size-xxl{font-size:59px}<\/style><h2 class=\"elementor-heading-title elementor-size-default\">SAISON 2025-26 ARTS MARTIAUX MIXTES<\/h2>\t\t<\/div>\n\t\t\t\t<\/div>\n\t\t\t\t\t<\/div>\n\t\t<\/div>\n\t\t\t\t\t\t\t<\/div>\n\t\t<\/section>\n\t\t\t\t<section class=\"elementor-section elementor-top-section elementor-element elementor-element-4e55dab elementor-section-boxed elementor-section-height-default elementor-section-height-default\" data-id=\"4e55dab\" data-element_type=\"section\">\n\t\t\t\t\t\t<div class=\"elementor-container elementor-column-gap-default\">\n\t\t\t\t\t<div class=\"elementor-column elementor-col-50 elementor-top-column elementor-element elementor-element-90dd855\" data-id=\"90dd855\" data-element_type=\"column\">\n\t\t\t<div class=\"elementor-widget-wrap elementor-element-populated\">\n\t\t\t\t\t\t\t\t<div class=\"elementor-element elementor-element-dc6bf01 elementor-widget elementor-widget-image\" data-id=\"dc6bf01\" data-element_type=\"widget\" data-widget_type=\"image.default\">\n\t\t\t\t<div class=\"elementor-widget-container\">\n\t\t\t<style>\/*! elementor - v3.8.1 - 13-11-2022 *\/\n.elementor-widget-image{text-align:center}.elementor-widget-image a{display:inline-block}.elementor-widget-image a img[src$=\".svg\"]{width:48px}.elementor-widget-image img{vertical-align:middle;display:inline-block}<\/style>\t\t\t\t\t\t\t\t\t\t\t\t<img loading=\"lazy\" decoding=\"async\" width=\"525\" height=\"525\" src=\"https:\/\/mma-villierssurmarne.fr\/wp-content\/uploads\/2025\/06\/logoPlan-de-travail-3@3x-1-1024x1024.png\" class=\"attachment-large size-large\" alt=\"\" srcset=\"https:\/\/mma-villierssurmarne.fr\/wp-content\/uploads\/2025\/06\/logoPlan-de-travail-3@3x-1-1024x1024.png 1024w, https:\/\/mma-villierssurmarne.fr\/wp-content\/uploads\/2025\/06\/logoPlan-de-travail-3@3x-1-300x300.png 300w, https:\/\/mma-villierssurmarne.fr\/wp-content\/uploads\/2025\/06\/logoPlan-de-travail-3@3x-1-150x150.png 150w\" sizes=\"auto, (max-width: 525px) 100vw, 525px\" \/>\t\t\t\t\t\t\t\t\t\t\t\t\t\t\t<\/div>\n\t\t\t\t<\/div>\n\t\t\t\t\t<\/div>\n\t\t<\/div>\n\t\t\t\t<div class=\"elementor-column elementor-col-50 elementor-top-column elementor-element elementor-element-8dfb5c1\" data-id=\"8dfb5c1\" data-element_type=\"column\">\n\t\t\t<div class=\"elementor-widget-wrap elementor-element-populated\">\n\t\t\t\t\t\t\t\t<div class=\"elementor-element elementor-element-39f60a0 elementor-widget elementor-widget-text-editor\" data-id=\"39f60a0\" data-element_type=\"widget\" data-widget_type=\"text-editor.default\">\n\t\t\t\t<div class=\"elementor-widget-container\">\n\t\t\t<style>\/*! elementor - v3.8.1 - 13-11-2022 *\/\n.elementor-widget-text-editor.elementor-drop-cap-view-stacked .elementor-drop-cap{background-color:#818a91;color:#fff}.elementor-widget-text-editor.elementor-drop-cap-view-framed .elementor-drop-cap{color:#818a91;border:3px solid;background-color:transparent}.elementor-widget-text-editor:not(.elementor-drop-cap-view-default) .elementor-drop-cap{margin-top:8px}.elementor-widget-text-editor:not(.elementor-drop-cap-view-default) .elementor-drop-cap-letter{width:1em;height:1em}.elementor-widget-text-editor .elementor-drop-cap{float:left;text-align:center;line-height:1;font-size:50px}.elementor-widget-text-editor .elementor-drop-cap-letter{display:inline-block}<\/style>\t\t\t\t<p>Les cours de MMA\u00a0 adulte (+16 ans)\u00a0 \u00e0 venir\u2026.<\/p>\n<p>Les cours enfants auront lieu le vendredi de 17h30 \u00e0 19h00.<\/p>\n<p>\u00a0<\/p>\n<p><u><b>Cette saison nouveau lieu nouveaux horaires<\/b><\/u><\/p>\n<p>Reprise septembre adulte et enfant<\/p>\n<p>Pour participer \u00e0 votre premiers cours de MMA vous devrez vous pr\u00e9munir d\u2019un leggins ou short sans poche d\u2019un t-shirt de claquette et d\u2019une bouteille d\u2019eau.<\/p>\n<p>Les cours sont ouverts \u00e0 toutes et tous d\u00e9butant(e) ou non.<\/p>\n<p>Adresse 28 Clos des Perroquets 94500 sur marne.<\/p>\n<p>Contact :<\/p>\n<p>Charly <strong>0760057277 \u2013 <\/strong>Joss <strong>0648578928<\/strong><\/p>\t\t\t\t\t\t<\/div>\n\t\t\t\t<\/div>\n\t\t\t\t\t<\/div>\n\t\t<\/div>\n\t\t\t\t\t\t\t<\/div>\n\t\t<\/section>\n\t\t\t\t<section class=\"elementor-section elementor-top-section elementor-element elementor-element-63afd358 elementor-section-boxed elementor-section-height-default elementor-section-height-default\" data-id=\"63afd358\" data-element_type=\"section\">\n\t\t\t\t\t\t<div class=\"elementor-container elementor-column-gap-default\">\n\t\t\t\t\t<div class=\"elementor-column elementor-col-100 elementor-top-column elementor-element elementor-element-6e31bf1b\" data-id=\"6e31bf1b\" data-element_type=\"column\">\n\t\t\t<div class=\"elementor-widget-wrap elementor-element-populated\">\n\t\t\t\t\t\t\t\t<div class=\"elementor-element elementor-element-209eb6fd elementor-widget elementor-widget-text-editor\" data-id=\"209eb6fd\" data-element_type=\"widget\" data-widget_type=\"text-editor.default\">\n\t\t\t\t<div class=\"elementor-widget-container\">\n\t\t\t\t\t\t\t<p><!-- \/wp:paragraph --><\/p>\n<p><!-- wp:paragraph --><\/p>\n<p><!-- \/wp:paragraph --><\/p>\n<p><!-- wp:paragraph --><\/p>\n<p>Pour le cours d\u2019essai un short et un t-shirt suffisent.<\/p>\n<p>Prot\u00e8ges-dents + short + T-shirt lycra moulant + paire de gant<\/p>\n<p>Renseignement au 0648578928<\/p>\n<p><strong>Cours enfant saison 2025-26 :<\/strong><\/p>\n<p>Pour cette saison l\u2019association met en place des cours de MMA enfants \u00e0 partir de 12 ans.<\/p>\n<p>Ces cours auront lieu le mercredi et vendredi<\/p>\n<p>\u00a0<\/p>\n<p><!-- \/wp:paragraph --><\/p>\n<p><!-- wp:columns --><\/p>\n<div>\n<p><!-- wp:column --><\/p>\n<div>\n<p><!-- wp:image {\"id\":76,\"width\":333,\"height\":222,\"sizeSlug\":\"large\",\"linkDestination\":\"none\"} --><\/p>\n<figure><img loading=\"lazy\" decoding=\"async\" src=\"http:\/\/mma-villierssurmarne.fr\/wp-content\/uploads\/2022\/07\/vladislav-bychkov-mkOEy7bbkKU-unsplash-1024x683.jpg\" alt=\"D\u00e9but amen\u00e9e au sol en seance d'entrainement\" width=\"333\" height=\"222\" \/><\/figure>\n<p><!-- \/wp:image --><\/p>\n<p><!-- wp:html --><\/p>\n<h2 style=\"color: #dd7b1bfa;\">MMA &#8211; Pour tous<\/h2>\n<p><!-- \/wp:html --><\/p>\n<p><!-- wp:paragraph --><\/p>\n<p>Le MMA est accessible \u00e0 tous, hommes, femmes, enfants, sportif ou non.<\/p>\n<p>\u00a0<\/p>\n<p>\u00a0<\/p>\n<p>Le MMA se pratiquer dans le cadre d\u2019une activit\u00e9 loisir ou non, \u00e0 travers des entra\u00eenements vari\u00e9s. C\u2019est une des missions principale de Art Martial Mixte Chennevi\u00e8res sur marne.<\/p>\n<p>\u00a0<\/p>\n<p>\u00a0<\/p>\n<p>Le cadre des combats amateurs diff\u00e8re de celui des professionnels (protections renforc\u00e9es, techniques interdites et dur\u00e9e de combat raccourcie). MMA \u2013 OFLC situ\u00e9 dans le val de marne veille \u00e0 pr\u00e9server l\u2019int\u00e9grit\u00e9 physique de chacun des ses adh\u00e9rents.<\/p>\n<p>\u00a0<\/p>\n<p>\u00a0<\/p>\n<p>Anim\u00e9e par l\u2019ambition d\u2019offrir une pratique destin\u00e9e pour tous et adapt\u00e9e aux diff\u00e9rents public, nous prenons aussi en compte la notion du handicap.<\/p>\n<p><!-- \/wp:paragraph --><\/p>\n<\/div>\n<p><!-- \/wp:column --><\/p>\n<p><!-- wp:column --><\/p>\n<div>\n<p><!-- wp:image {\"id\":97,\"sizeSlug\":\"full\",\"linkDestination\":\"none\"} --><\/p>\n<figure><img decoding=\"async\" src=\"http:\/\/mma-villierssurmarne.fr\/wp-content\/uploads\/2022\/07\/mma-self1.png\" alt=\"\" \/><\/figure>\n<p><!-- \/wp:image --><\/p>\n<p><!-- wp:html --><\/p>\n<h2 style=\"color: #dd7b1bfa;\">MMA &#8211; Self d\u00e9fense<\/h2>\n<p><!-- \/wp:html --><\/p>\n<p><!-- wp:paragraph --><\/p>\n<p>La\u00a0<strong>Self-D\u00e9fense<\/strong> est une pratique ouverte \u00e0 tous les publics. Il s\u2019agit de se pr\u00e9parer \u00e0 une \u00e9ventuelle agression, dont la gestion de la distance et l\u2019apprentissage de techniques efficaces sont des \u00e9l\u00e9ments cl\u00e9s et convient \u00e0 tout le monde, quels que soient l&rsquo;\u00e2ge\u00a0et sa condition physique.<\/p>\n<p><!-- \/wp:paragraph --><\/p>\n<p><!-- wp:paragraph --><\/p>\n<p>Les\u00a0<strong>arts martiaux mixtes ou mixed martial arts(MMA)<\/strong>, est un sport de combat complet qui peu vous pr\u00e9parer aux situations r\u00e9elles. Les pratiquants ont un important \u00e9ventail de techniques de percussion telles que coups de pied, de poing, de genou et de coude, mais aussi les techniques de corps \u00e0 corps debout, de projections et de soumission et quelquefois des techniques particuli\u00e8res de percussion au sol.\u00a0<\/p>\n<p><!-- \/wp:paragraph --><\/p>\n<p><!-- wp:paragraph --><\/p>\n<p><strong>Le combat libre permet de ma\u00eetriser les trois distances du combat\u00a0<\/strong>: le combat debout \u00e0 distance o\u00f9 l&rsquo;on utilise des coups de poings et pieds essentiellement, le combat debout au corps \u00e0 corps avec coudes, genoux, cl\u00e9s et torsions et enfin le combat au sol, distance tr\u00e8s proche o\u00f9 l&rsquo;on peut tenter de soumettre son adversaire avec des \u00e9tranglements et des cl\u00e9s de bras ou de jambe. \u00a0<\/p>\n<p><!-- \/wp:paragraph --><\/p>\n<\/div>\n<p><!-- \/wp:column --><\/p>\n<p><!-- wp:column --><\/p>\n<div>\n<p><!-- wp:image {\"id\":98,\"sizeSlug\":\"full\",\"linkDestination\":\"none\"} --><\/p>\n<figure><img decoding=\"async\" src=\"http:\/\/mma-villierssurmarne.fr\/wp-content\/uploads\/2022\/07\/mma-preparatio.jpeg\" alt=\"\" \/><\/figure>\n<p><!-- \/wp:image --><\/p>\n<p><!-- wp:html --><\/p>\n<h2 style=\"color: #dd7b1bfa;\">MMA &#8211; Sport Sant\u00e9<\/h2>\n<p><!-- \/wp:html --><\/p>\n<p><!-- wp:paragraph --><\/p>\n<p>MMA &#8211; OFLC club du val de marne d\u00e9veloppe le MMA comme une activit\u00e9 favorable au bien-\u00eatre physique et mental. Ce plan de d\u00e9veloppement vise \u00e0 r\u00e9duire les in\u00e9galit\u00e9s afin de permettre l\u2019acc\u00e8s des arts martiaux mixtes au plus grand nombre.<\/p>\n<p><!-- \/wp:paragraph --><\/p>\n<p><!-- wp:paragraph --><\/p>\n<p>La progression technique propos\u00e9e garantit que tous les pratiquants ont l\u2019occasion d\u2019atteindre leur potentiel quelque soit leur \u00e2ge gr\u00e2ce \u00e0 une m\u00e9thodologie adapt\u00e9e et progressive. Art Martial mixte Villiers sur marne applique la philosophie de la FMMAF<\/p>\n<p><!-- \/wp:paragraph --><\/p>\n<p><!-- wp:paragraph --><\/p>\n<p>\u201c le sport c\u2019est pour la vie \u201c<\/p>\n<p><!-- \/wp:paragraph --><\/p>\n<p><!-- wp:paragraph --><\/p>\n<p>en le transposant au MMA \u00e0 travers une pratique saine et durable. De l\u2019enfance \u00e0 l\u2019\u00e2ge adulte, chaque \u00e9tape marque une phase de d\u00e9veloppement physique, psychique ou cognitif chez l\u2019individu.<\/p>\n<p><!-- \/wp:paragraph --><\/p>\n<\/div>\n<p><!-- \/wp:column --><\/p>\n<\/div>\n<p><!-- \/wp:columns --><\/p>\t\t\t\t\t\t<\/div>\n\t\t\t\t<\/div>\n\t\t\t\t\t<\/div>\n\t\t<\/div>\n\t\t\t\t\t\t\t<\/div>\n\t\t<\/section>\n\t\t\t\t\t\t\t<\/div>\n\t\t","protected":false},"excerpt":{"rendered":"<p>SAISON 2025-26 ARTS MARTIAUX MIXTES Les cours de MMA\u00a0 adulte (+16 ans)\u00a0 \u00e0 venir\u2026. Les cours enfants auront lieu le vendredi de 17h30 \u00e0 19h00. \u00a0 Cette saison nouveau lieu nouveaux horaires Reprise septembre adulte et enfant Pour participer \u00e0 votre premiers cours de MMA vous devrez vous pr\u00e9munir d\u2019un leggins ou short sans poche &hellip; <\/p>\n<div class=\"link-more\"><a href=\"https:\/\/mma-villierssurmarne.fr\/\" class=\"more-link\">Read More<span class=\"screen-reader-text\"> \u00ab\u00a0Accueil\u00a0\u00bb<\/span><\/a><\/div>\n","protected":false},"author":1,"featured_media":0,"parent":0,"menu_order":0,"comment_status":"closed","ping_status":"closed","template":"","meta":{"_monsterinsights_skip_tracking":false,"_monsterinsights_sitenote_active":false,"_monsterinsights_sitenote_note":"","_monsterinsights_sitenote_category":0,"footnotes":""},"class_list":["post-8","page","type-page","status-publish","hentry"],"aioseo_notices":[],"yoast_head":"<!-- This site is optimized with the Yoast SEO plugin v19.10 - https:\/\/yoast.com\/wordpress\/plugins\/seo\/ -->\n<title>ART MARTIAL MIXTE - MMA - VILLIERS SUR MARNE<\/title>\n<meta name=\"description\" content=\"Club d&#039;art martial mixte dit MMA du val de marne \u00e0 Villiers sur marne( muay tha\u00ef\/boran, grappling, JJB,...) info et horaire d&#039;entrainements.\" \/>\n<meta name=\"robots\" content=\"index, follow, max-snippet:-1, max-image-preview:large, max-video-preview:-1\" \/>\n<link rel=\"canonical\" href=\"https:\/\/mma-villierssurmarne.fr\/\" \/>\n<meta property=\"og:locale\" content=\"fr_FR\" \/>\n<meta property=\"og:type\" content=\"article\" \/>\n<meta property=\"og:title\" content=\"ART MARTIAL MIXTE - MMA - VILLIERS SUR MARNE\" \/>\n<meta property=\"og:description\" content=\"Club d&#039;art martial mixte dit MMA du val de marne \u00e0 Villiers sur marne( muay tha\u00ef\/boran, grappling, JJB,...) info et horaire d&#039;entrainements.\" \/>\n<meta property=\"og:url\" content=\"https:\/\/mma-villierssurmarne.fr\/\" \/>\n<meta property=\"og:site_name\" content=\"MMA - OFLC\" \/>\n<meta property=\"article:modified_time\" content=\"2025-09-17T16:47:11+00:00\" \/>\n<meta property=\"og:image\" content=\"http:\/\/mma-villierssurmarne.fr\/wp-content\/uploads\/2025\/06\/logoPlan-de-travail-3@3x-1-1024x1024.png\" \/>\n<meta name=\"twitter:card\" content=\"summary_large_image\" \/>\n<meta name=\"twitter:label1\" content=\"Dur\u00e9e de lecture estim\u00e9e\" \/>\n\t<meta name=\"twitter:data1\" content=\"4 minutes\" \/>\n<script type=\"application\/ld+json\" class=\"yoast-schema-graph\">{\"@context\":\"https:\/\/schema.org\",\"@graph\":[{\"@type\":\"WebPage\",\"@id\":\"https:\/\/mma-villierssurmarne.fr\/\",\"url\":\"https:\/\/mma-villierssurmarne.fr\/\",\"name\":\"ART MARTIAL MIXTE - MMA - VILLIERS SUR MARNE\",\"isPartOf\":{\"@id\":\"https:\/\/mma-villierssurmarne.fr\/#website\"},\"datePublished\":\"2022-07-15T21:41:30+00:00\",\"dateModified\":\"2025-09-17T16:47:11+00:00\",\"description\":\"Club d'art martial mixte dit MMA du val de marne \u00e0 Villiers sur marne( muay tha\u00ef\/boran, grappling, JJB,...) info et horaire d'entrainements.\",\"breadcrumb\":{\"@id\":\"https:\/\/mma-villierssurmarne.fr\/#breadcrumb\"},\"inLanguage\":\"fr-FR\",\"potentialAction\":[{\"@type\":\"ReadAction\",\"target\":[\"https:\/\/mma-villierssurmarne.fr\/\"]}]},{\"@type\":\"BreadcrumbList\",\"@id\":\"https:\/\/mma-villierssurmarne.fr\/#breadcrumb\",\"itemListElement\":[{\"@type\":\"ListItem\",\"position\":1,\"name\":\"Accueil\",\"item\":\"https:\/\/mma-villierssurmarne.fr\/\"},{\"@type\":\"ListItem\",\"position\":2,\"name\":\"Accueil\"}]},{\"@type\":\"WebSite\",\"@id\":\"https:\/\/mma-villierssurmarne.fr\/#website\",\"url\":\"https:\/\/mma-villierssurmarne.fr\/\",\"name\":\"MMA - OFLC\",\"description\":\"MMA - Villiers sur Marne\",\"potentialAction\":[{\"@type\":\"SearchAction\",\"target\":{\"@type\":\"EntryPoint\",\"urlTemplate\":\"https:\/\/mma-villierssurmarne.fr\/?s={search_term_string}\"},\"query-input\":\"required name=search_term_string\"}],\"inLanguage\":\"fr-FR\"}]}<\/script>\n<!-- \/ Yoast SEO plugin. -->","yoast_head_json":{"title":"ART MARTIAL MIXTE - MMA - VILLIERS SUR MARNE","description":"Club d'art martial mixte dit MMA du val de marne \u00e0 Villiers sur marne( muay tha\u00ef\/boran, grappling, JJB,...) info et horaire d'entrainements.","robots":{"index":"index","follow":"follow","max-snippet":"max-snippet:-1","max-image-preview":"max-image-preview:large","max-video-preview":"max-video-preview:-1"},"canonical":"https:\/\/mma-villierssurmarne.fr\/","og_locale":"fr_FR","og_type":"article","og_title":"ART MARTIAL MIXTE - MMA - VILLIERS SUR MARNE","og_description":"Club d'art martial mixte dit MMA du val de marne \u00e0 Villiers sur marne( muay tha\u00ef\/boran, grappling, JJB,...) info et horaire d'entrainements.","og_url":"https:\/\/mma-villierssurmarne.fr\/","og_site_name":"MMA - OFLC","article_modified_time":"2025-09-17T16:47:11+00:00","og_image":[{"url":"http:\/\/mma-villierssurmarne.fr\/wp-content\/uploads\/2025\/06\/logoPlan-de-travail-3@3x-1-1024x1024.png"}],"twitter_card":"summary_large_image","twitter_misc":{"Dur\u00e9e de lecture estim\u00e9e":"4 minutes"},"schema":{"@context":"https:\/\/schema.org","@graph":[{"@type":"WebPage","@id":"https:\/\/mma-villierssurmarne.fr\/","url":"https:\/\/mma-villierssurmarne.fr\/","name":"ART MARTIAL MIXTE - MMA - VILLIERS SUR MARNE","isPartOf":{"@id":"https:\/\/mma-villierssurmarne.fr\/#website"},"datePublished":"2022-07-15T21:41:30+00:00","dateModified":"2025-09-17T16:47:11+00:00","description":"Club d'art martial mixte dit MMA du val de marne \u00e0 Villiers sur marne( muay tha\u00ef\/boran, grappling, JJB,...) info et horaire d'entrainements.","breadcrumb":{"@id":"https:\/\/mma-villierssurmarne.fr\/#breadcrumb"},"inLanguage":"fr-FR","potentialAction":[{"@type":"ReadAction","target":["https:\/\/mma-villierssurmarne.fr\/"]}]},{"@type":"BreadcrumbList","@id":"https:\/\/mma-villierssurmarne.fr\/#breadcrumb","itemListElement":[{"@type":"ListItem","position":1,"name":"Accueil","item":"https:\/\/mma-villierssurmarne.fr\/"},{"@type":"ListItem","position":2,"name":"Accueil"}]},{"@type":"WebSite","@id":"https:\/\/mma-villierssurmarne.fr\/#website","url":"https:\/\/mma-villierssurmarne.fr\/","name":"MMA - OFLC","description":"MMA - Villiers sur Marne","potentialAction":[{"@type":"SearchAction","target":{"@type":"EntryPoint","urlTemplate":"https:\/\/mma-villierssurmarne.fr\/?s={search_term_string}"},"query-input":"required name=search_term_string"}],"inLanguage":"fr-FR"}]}},"_links":{"self":[{"href":"https:\/\/mma-villierssurmarne.fr\/index.php?rest_route=\/wp\/v2\/pages\/8","targetHints":{"allow":["GET"]}}],"collection":[{"href":"https:\/\/mma-villierssurmarne.fr\/index.php?rest_route=\/wp\/v2\/pages"}],"about":[{"href":"https:\/\/mma-villierssurmarne.fr\/index.php?rest_route=\/wp\/v2\/types\/page"}],"author":[{"embeddable":true,"href":"https:\/\/mma-villierssurmarne.fr\/index.php?rest_route=\/wp\/v2\/users\/1"}],"replies":[{"embeddable":true,"href":"https:\/\/mma-villierssurmarne.fr\/index.php?rest_route=%2Fwp%2Fv2%2Fcomments&post=8"}],"version-history":[{"count":83,"href":"https:\/\/mma-villierssurmarne.fr\/index.php?rest_route=\/wp\/v2\/pages\/8\/revisions"}],"predecessor-version":[{"id":1058,"href":"https:\/\/mma-villierssurmarne.fr\/index.php?rest_route=\/wp\/v2\/pages\/8\/revisions\/1058"}],"wp:attachment":[{"href":"https:\/\/mma-villierssurmarne.fr\/index.php?rest_route=%2Fwp%2Fv2%2Fmedia&parent=8"}],"curies":[{"name":"wp","href":"https:\/\/api.w.org\/{rel}","templated":true}]}}